

{"id":584,"date":"2015-09-16T13:55:21","date_gmt":"2015-09-16T13:55:21","guid":{"rendered":"http:\/\/edicao2015.angrajazz.com\/?page_id=584"},"modified":"2024-08-27T13:05:19","modified_gmt":"2024-08-27T13:05:19","slug":"orquestra-angrajazz","status":"publish","type":"page","link":"https:\/\/edicao2024.angrajazz.com\/en\/orquestra-angrajazz\/","title":{"rendered":"Orchestra Angrajazz"},"content":{"rendered":"[vc_row full_width=&#8221;stretch_row&#8221; css=&#8221;.vc_custom_1500731597643{margin-top: 0px !important;margin-right: 0px !important;margin-bottom: 0px !important;margin-left: 0px !important;padding-top: 0px !important;padding-bottom: 0px !important;background-color: #ffffff !important;}&#8221;][vc_column css=&#8221;.vc_custom_1500731569746{margin: 0px !important;padding: 0px !important;}&#8221;][vc_column_text css=&#8221;.vc_custom_1689241815313{margin-bottom: 0px !important;}&#8221;]<img decoding=\"async\" src=\"http:\/\/www.angrajazz.viaoceanica.com\/wp-content\/uploads\/2023\/07\/WhatsApp-Image-2023-07-13-at-09.44.25.jpeg\" \/>[\/vc_column_text][\/vc_column][\/vc_row][vc_row][vc_column][vc_raw_html]JTNDaWZyYW1lJTIwd2lkdGglM0QlMjI1NjAlMjIlMjBoZWlnaHQlM0QlMjIzMTUlMjIlMjBzcmMlM0QlMjJodHRwcyUzQSUyRiUyRnd3dy55b3V0dWJlLmNvbSUyRmVtYmVkJTJGQ1ZHRHZITXBRazQlM0ZzdGFydCUzRDEwNDAlMjIlMjB0aXRsZSUzRCUyMllvdVR1YmUlMjB2aWRlbyUyMHBsYXllciUyMiUyMGZyYW1lYm9yZGVyJTNEJTIyMCUyMiUyMGFsbG93JTNEJTIyYWNjZWxlcm9tZXRlciUzQiUyMGF1dG9wbGF5JTNCJTIwY2xpcGJvYXJkLXdyaXRlJTNCJTIwZW5jcnlwdGVkLW1lZGlhJTNCJTIwZ3lyb3Njb3BlJTNCJTIwcGljdHVyZS1pbi1waWN0dXJlJTNCJTIwd2ViLXNoYXJlJTIyJTIwYWxsb3dmdWxsc2NyZWVuJTNFJTNDJTJGaWZyYW1lJTNF[\/vc_raw_html][\/vc_column][\/vc_row][vc_row][vc_column][vc_column_text]\n<p style=\"text-align: justify;\">Formed in 2002,\u00a0<strong>Angrajazz Orchestra<\/strong>\u00a0is a training\/work-in-progress project held by the Cultural Association Angrajazz, with musical direction by the professors Pedro Moreira and Claus Nymark.\u00a0 Promoting regular working sessions and workshops, Angrajazz Orchestra became the main \u201cjazz school\u201d in the Region, contributing for Angrajazz to be considered as the main and most important means of unveiling the jazz music in the Azores.<\/p>\n<p style=\"text-align: justify;\">The Orchestra has played with many well known Portuguese jazz musicians such as Paula Oliveira, M\u00e1rio Laginha, Z\u00e9 Eduardo, Afonso Pais, M\u00e1rio Barreiros, Hugo Alves, Lu\u00eds Cunha, Paulo Gaspar, Ricardo Toscano, Carlos Azevedo and Jeffery Davis.\u00a0 Apart from numerous concerts in Terceira Island, the Orchestra has played in the islands S. Jorge, Graciosa, Faial, S. Miguel and Pico.\u00a0 Outside the Region, the Orchestra has performed in the cities of Funchal and Lisbon.<\/p>\n<p style=\"text-align: justify;\">In 2015 the Angrajazz Orchestra participated in the cultural program \u201cLisboa na Rua\u201d as part of the cycle \u201cThe Art of the Big Band \u2013 5 Jazz Orchestras\u201d.<\/p>\n<p style=\"text-align: justify;\">At the 18\u00ba Angrajazz, the Orchestra performed, for the first time in Portugal, the integral of \u201cThe Far East Suite\u201d written by the great jazz musician Duke Ellington.\u00a0 In that occasion the Orchestra featured two very important Portuguese jazz musicians \u2013 clarinetist Paulo Gaspar and saxophonist Ricardo Toscano.<\/p>\n<p style=\"text-align: justify;\">The Orchestra has released two CDs \u2013\u201dAngrajazz Orchestra with Paula Oliveira\u201d (2006) and \u201cAngrajazz\u201d (2018).<\/p>\n<p style=\"text-align: justify;\">In this 25\u00ba Angrajazz, the big band will present to his public the result of one more of this educational project, and will have the honor of having as guest musician the extraordinary spanish saxophonist Perico Sambeat.<\/p>\n<p style=\"text-align: justify;\"><strong>Perico Sambeat\u00a0 .\u00a0<\/strong>Alto and soprano saxophonist Perico Sambeat is considered today as one of the most important spanish jazz musicians, owning a tremendous prestige with an extraordinary musical career inside and out of Spain. With more than twenty-five recordings as a leader and more than a hundred as a sideman, they\u00b4re especially remarkable his works with musicians as Brad Mehldau, Kurt Rosenwinkel, Tete Montoliu, Michael Brecker, Pat Metheny, and many others.<\/p>\n<p style=\"text-align: justify;\">He has played in jazz festivals and clubs all over the world. Along his career, he has received numerous awards, such as the \u201cBird Award\u201d given by the North Sea Jazz Festival to the musician deserving wider recognition (2003), to the best recording of the year to \u201cFlamenco Big Band\u201d (2008 and 2009), or \u201cJazz Terrassaman\u201d in 2017.<\/p>\n<p style=\"text-align: justify;\">Nowadays he combines teaching in Berklee College of Music Valencia Campus with his activity as a jazz performer and Big Band conductor.<\/p>\n<h2><span class=\"color\" style=\"color: #e8510b;\">MEMBERS<\/span><\/h2>\n[\/vc_column_text][vc_row_inner css=&#8221;.vc_custom_1631497340663{margin-top: 15px !important;}&#8221;][vc_column_inner width=&#8221;1\/4&#8243;][vc_column_text]<strong>Pedro Moreira<\/strong> &#8211; director<br \/>\n<strong>Claus Nymark<\/strong> \u2013 director, trombone<br \/>\n<strong>Perico Sambeat<\/strong> &#8211; saxophones<br \/>\n<strong>Micaela Matos<\/strong> \u2013 alto sax<br \/>\n<strong>Rui Borba<\/strong> \u2013 alto sax<br \/>\n<strong>Rui Melo<\/strong> \u2013 tenor sax[\/vc_column_text][\/vc_column_inner][vc_column_inner width=&#8221;1\/4&#8243;][vc_column_text]<strong>Mauro Louren\u00e7o<\/strong> \u2013 tenor sax<br \/>\n<strong>Jos\u00e9 Pedro Pires<\/strong> \u2013 baritone sax<br \/>\n<strong>Paulo Borges<\/strong> \u2013 trumpet<br \/>\n<strong>M\u00e1rcio Cota<\/strong> \u2013 trumpet<br \/>\n<strong>Guilherme Costa<\/strong> \u2013 trumpet<br \/>\n<strong>Tom\u00e1s Reis<\/strong> &#8211; trumpet[\/vc_column_text][\/vc_column_inner][vc_column_inner width=&#8221;1\/4&#8243;][vc_column_text]<strong>Paulo Louren\u00e7o<\/strong> \u2013 trumpet<br \/>\n<strong>Manuel Almeida<\/strong> &#8211; trombone<br \/>\n<strong>Miguel Moutinho<\/strong> \u2013 trombone<br \/>\n<strong>Nelson Silveira<\/strong> &#8211; trombone[\/vc_column_text][\/vc_column_inner][vc_column_inner width=&#8221;1\/4&#8243;][vc_column_text]<strong>Antonella Barletta<\/strong> &#8211; piano<br \/>\n<strong>Paulo Cunha<\/strong> &#8211; double bass<br \/>\n<strong>Nuno Pinheiro<\/strong> \u2013 drums[\/vc_column_text][\/vc_column_inner][\/vc_row_inner][\/vc_column][\/vc_row]\n","protected":false},"excerpt":{"rendered":"<p>[vc_row full_width=&#8221;stretch_row&#8221; css=&#8221;.vc_custom_1500731597643{margin-top: 0px !important;margin-right: 0px !important;margin-bottom: 0px !important;margin-left: 0px !important;padding-top: 0px !important;padding-bottom: 0px !important;background-color: #ffffff !important;}&#8221;][vc_column css=&#8221;.vc_custom_1500731569746{margin: 0px !important;padding: 0px !important;}&#8221;][vc_column_text css=&#8221;.vc_custom_1689241815313{margin-bottom: 0px !important;}&#8221;][\/vc_column_text][\/vc_column][\/vc_row][vc_row][vc_column][vc_raw_html]JTNDaWZyYW1lJTIwd2lkdGglM0QlMjI1NjAlMjIlMjBoZWlnaHQlM0QlMjIzMTUlMjIlMjBzcmMlM0QlMjJodHRwcyUzQSUyRiUyRnd3dy55b3V0dWJlLmNvbSUyRmVtYmVkJTJGQ1ZHRHZITXBRazQlM0ZzdGFydCUzRDEwNDAlMjIlMjB0aXRsZSUzRCUyMllvdVR1YmUlMjB2aWRlbyUyMHBsYXllciUyMiUyMGZyYW1lYm9yZGVyJTNEJTIyMCUyMiUyMGFsbG93JTNEJTIyYWNjZWxlcm9tZXRlciUzQiUyMGF1dG9wbGF5JTNCJTIwY2xpcGJvYXJkLXdyaXRlJTNCJTIwZW5jcnlwdGVkLW1lZGlhJTNCJTIwZ3lyb3Njb3BlJTNCJTIwcGljdHVyZS1pbi1waWN0dXJlJTNCJTIwd2ViLXNoYXJlJTIyJTIwYWxsb3dmdWxsc2NyZWVuJTNFJTNDJTJGaWZyYW1lJTNF[\/vc_raw_html][\/vc_column][\/vc_row][vc_row][vc_column][vc_column_text] Formed in 2002,\u00a0Angrajazz Orchestra\u00a0is a training\/work-in-progress project held by the Cultural Association Angrajazz, with musical direction by the professors Pedro Moreira and Claus Nymark.\u00a0 Promoting regular working sessions and workshops, [&hellip;]<\/p>\n","protected":false},"author":1,"featured_media":0,"parent":0,"menu_order":0,"comment_status":"closed","ping_status":"closed","template":"","meta":{"_themeisle_gutenberg_block_has_review":false,"footnotes":"","_links_to":"","_links_to_target":""},"class_list":["post-584","page","type-page","status-publish","hentry"],"translation":{"provider":"WPGlobus","version":"2.12.2","language":"en","enabled_languages":["pt","en"],"languages":{"pt":{"title":true,"content":true,"excerpt":false},"en":{"title":true,"content":true,"excerpt":false}}},"_links":{"self":[{"href":"https:\/\/edicao2024.angrajazz.com\/en\/wp-json\/wp\/v2\/pages\/584","targetHints":{"allow":["GET"]}}],"collection":[{"href":"https:\/\/edicao2024.angrajazz.com\/en\/wp-json\/wp\/v2\/pages"}],"about":[{"href":"https:\/\/edicao2024.angrajazz.com\/en\/wp-json\/wp\/v2\/types\/page"}],"author":[{"embeddable":true,"href":"https:\/\/edicao2024.angrajazz.com\/en\/wp-json\/wp\/v2\/users\/1"}],"replies":[{"embeddable":true,"href":"https:\/\/edicao2024.angrajazz.com\/en\/wp-json\/wp\/v2\/comments?post=584"}],"version-history":[{"count":165,"href":"https:\/\/edicao2024.angrajazz.com\/en\/wp-json\/wp\/v2\/pages\/584\/revisions"}],"predecessor-version":[{"id":4103,"href":"https:\/\/edicao2024.angrajazz.com\/en\/wp-json\/wp\/v2\/pages\/584\/revisions\/4103"}],"wp:attachment":[{"href":"https:\/\/edicao2024.angrajazz.com\/en\/wp-json\/wp\/v2\/media?parent=584"}],"curies":[{"name":"wp","href":"https:\/\/api.w.org\/{rel}","templated":true}]}}